{"id":86,"date":"2024-11-18T10:25:14","date_gmt":"2024-11-18T09:25:14","guid":{"rendered":"https:\/\/luxida.es\/?page_id=86"},"modified":"2025-04-15T16:52:52","modified_gmt":"2025-04-15T14:52:52","slug":"politica-de-cookies","status":"publish","type":"page","link":"https:\/\/luxida.es\/en\/politica-de-cookies\/","title":{"rendered":"Cookie Policy"},"content":{"rendered":"<div data-elementor-type=\"wp-page\" data-elementor-id=\"86\" class=\"elementor elementor-86\" data-elementor-post-type=\"page\">\n\t\t\t\t<div class=\"elementor-element elementor-element-5231063 e-con-full e-flex e-con e-parent\" data-id=\"5231063\" data-element_type=\"container\">\n\t\t\t\t<div class=\"elementor-element elementor-element-e866029 elementor-widget elementor-widget-heading\" data-id=\"e866029\" data-element_type=\"widget\" data-widget_type=\"heading.default\">\n\t\t\t\t<div class=\"elementor-widget-container\">\n\t\t\t\t\t<h1 class=\"elementor-heading-title elementor-size-default\">Cookie Policy<\/h1>\t\t\t\t<\/div>\n\t\t\t\t<\/div>\n\t\t\t\t<div class=\"elementor-element elementor-element-243f293 elementor-widget elementor-widget-text-editor\" data-id=\"243f293\" data-element_type=\"widget\" data-widget_type=\"text-editor.default\">\n\t\t\t\t<div class=\"elementor-widget-container\">\n\t\t\t\t\t\t\t\t\t<p>The purpose of this policy is to inform interested parties about the cookies used by this website, in accordance with the provisions of Law 34\/2002, of 11 July, on Information Society Services and Electronic Commerce, and Regulation (EU) 2016\/679 of the European Parliament and of the Council of 27 April 2016.<\/p><p><strong>Definitions<\/strong><\/p><p>A cookie is a file that is downloaded to your computer when you access certain websites, smartphones, tablets or similar devices. Cookies allow a website, among other things, to store and retrieve information about the browsing habits of a user or their equipment and, depending on the information they contain and the way they use their equipment, they can be used to recognise the user. The use of cookies offers numerous advantages in the provision of Information Society services, since, among others:<\/p><p>(a) facilitates the user's navigation of the Website;<\/p><p>(b) provides the user with access to the different services offered by the Website;<\/p><p>(c) prevents the user from reconfiguring the pre-defined general features each time the user accesses the Website;<\/p><p>(d) favours the improvement of the functioning and services provided through the Website, following the corresponding analysis of the information obtained through the cookies installed;<\/p><p>(e) allow a website, among other things, to store and retrieve information about a user's browsing habits or equipment and, depending on the information they contain and the way you use your equipment, may be used to recognise the user.<\/p><p>Most browsers accept cookies as standard and, independently of them, allow or prevent temporary or stored cookies in the security settings. Please note that, in order to use and have a better browsing experience, it is necessary to have cookies enabled, especially those of a technical nature that are necessary so that they can identify you as a registered user each time you access this website. If you do not wish to receive cookies, you can configure your internet browser to erase them from your computer's hard drive, block them or warn you if they are installed.<\/p><p><strong>What types of cookies does this website use?<\/strong><\/p><p>In order to provide you with as much information as possible, we will first classify cookies according to a number of categories:<\/p><p>Types of cookies depending on the entity that manages them:<\/p><ol><li>a) Proprietary Cookies:<\/li><\/ol><p>These are those for which the publisher itself is responsible and which are generally sent to the user's terminal equipment from a computer or domain managed by the publisher itself and from which the service requested by the user is provided.<\/p><ol><li>b) Third-party cookies:<\/li><\/ol><p>Cookies are those for which an entity other than the publisher is responsible and which are generally sent to the user's terminal equipment from a computer or domain that is not managed by the publisher, but by another entity that processes the data obtained through the cookies.<\/p><p>Types of cookies according to their purpose:<\/p><ul><li><b><span data-contrast=\"none\">a) Technical cookies: <\/span><\/b><span data-contrast=\"none\">are those that allow the user to browse through a website, platform or application and use the different options or services that exist on it, including those that the editor uses to allow the management and operation of the website and enable its functions and services, such as, for example, controlling traffic and data communication, identifying the session, accessing parts of restricted access, carrying out the purchase process, making, storing content, for the broadcasting of videos or sound, enabling dynamic content, etc.).<\/span><\/li><\/ul><p><span data-ccp-props=\"{&quot;469777462&quot;:[82],&quot;469777927&quot;:[0],&quot;469777928&quot;:[1]}\">\u00a0<\/span><\/p><ul><li><b><span data-contrast=\"none\">b) Preference or personalisation cookies:<\/span><\/b><span data-contrast=\"none\"> are those that allow information to be remembered so that the user can access the service with certain characteristics that can differentiate their experience from that of other users, such as, for example, the language, the number of results to be shown when the user performs a search, etc.<\/span><\/li><\/ul><p><span data-ccp-props=\"{&quot;469777462&quot;:[52],&quot;469777927&quot;:[0],&quot;469777928&quot;:[1]}\">\u00a0<\/span><\/p><ul><li><b><span data-contrast=\"none\">c) Analysis or measurement cookies:<\/span><\/b><span data-contrast=\"none\"> are those that allow the party responsible for them to monitor and analyse the behaviour of the users of the websites to which they are linked, including the quantification of the impact of advertisements.<\/span><\/li><\/ul><p><span data-ccp-props=\"{&quot;469777462&quot;:[52],&quot;469777927&quot;:[0],&quot;469777928&quot;:[1]}\">\u00a0<\/span><\/p><ul><li><b><span data-contrast=\"none\">d) Behavioural advertising cookies:<\/span><\/b><span data-contrast=\"none\"> are those that store information on the behaviour of users obtained through the continuous observation of their browsing habits, which allows a specific profile to be developed in order to display advertising based on it.<\/span><\/li><\/ul><p><span data-ccp-props=\"{&quot;469777462&quot;:[52],&quot;469777927&quot;:[0],&quot;469777928&quot;:[1]}\">\u00a0<\/span><\/p><p>Types of cookies according to the length of time they remain activated:\u00a0<\/p><ul><li><b><span data-contrast=\"none\">a) Session cookies: <\/span><\/b><span data-contrast=\"none\">are those designed to collect and store data while the user accesses a website. They are usually used to store information that is only of interest for the provision of the service requested by the user on a single occasion (for example, a list of products purchased) and disappear at the end of the session.<\/span><\/li><\/ul><p>\u00a0<\/p><ul><li><b><span data-contrast=\"none\">b) Persistent Cookies:<\/span><\/b><span data-contrast=\"none\"> cookies are those in which the data remains stored in the terminal and can be accessed and processed for a period defined by the cookie manager, which can range from a few minutes to several years.\u00a0<\/span><\/li><\/ul><div class=\"cky-audit-table-element\"><p>\u00a0<\/p><p>Types of cookies according to the length of time they remain activated:\u00a0<\/p><ul><li><b><span data-contrast=\"none\">a) Session cookies: <\/span><\/b><span data-contrast=\"none\">are those designed to collect and store data while the user accesses a website. They are usually used to store information that is only of interest for the provision of the service requested by the user on a single occasion (for example, a list of products purchased) and disappear at the end of the session.<\/span><\/li><\/ul><p><span data-ccp-props=\"{&quot;469777462&quot;:[82],&quot;469777927&quot;:[0],&quot;469777928&quot;:[1]}\">\u00a0<\/span><\/p><ul><li><b><span data-contrast=\"none\">b) Persistent Cookies:<\/span><\/b><span data-contrast=\"none\"> cookies are those in which the data remains stored in the terminal and can be accessed and processed for a period defined by the cookie manager, which can range from a few minutes to several years.\u00a0<\/span><\/li><\/ul><\/div><p>\u00a0<\/p><p>The portal owned by Luxida SL may contain links to third party websites, whose privacy policies are unrelated to that of Luxida SL. By accessing such websites you can decide whether to accept their privacy and cookie policies. In general, if you browse the Internet you can accept or reject third-party cookies from the configuration options of your browser. Luxida SL is not responsible, in any case, or the content or accuracy of the policies and \/ or conditions of use and privacy of third parties.<\/p><p><strong> Consent<\/strong><\/p><p>In relation to the use of cookies on this website, the user authorises and consents to their use as follows:<\/p><p>When the user accesses any page of the website, he\/she will see a notice indicating that the Luxida SL website uses cookies, and the user can accept or reject or configure them. By clicking accept, you accept the use of our cookies and, where appropriate, those of third parties. For this purpose, we indicate that the configuration panel allows the possibility of accepting or rejecting them by type.<\/p><p><strong> Data retention periods or criteria<\/strong><\/p><p>The data obtained through the use of the cookies selected by you will be kept for the time necessary to fulfil the purposes for which they were collected and for the period of time established in the section \"What types of cookies does this website use\" of this policy, for each of the cookies installed on the device.<\/p><p><strong> Disabling cookies<\/strong><\/p><p>You can allow, block, revoke or delete the cookies installed on your computer through your browser settings. You can find information on how to do this, in relation to the most common browsers, in the links below:<\/p><ul><li><strong>Chrome<\/strong>,from\u00a0<a href=\"http:\/\/support.google.com\/chrome\/bin\/answer.py?hl=es&amp;answer=95647\">http:\/\/support.google.com\/chrome\/bin\/answer.py?hl=es&amp;answer=95647<\/a><\/li><li><strong>Microsoft Edge \/ Explorer<\/strong>\u00a0from\u00a0<a href=\"http:\/\/windows.microsoft.com\/es-es\/windows7\/how-to-manage-cookies-in-internet-explorer-9\">http:\/\/windows.microsoft.com\/es-es\/windows7\/how-to-manage-cookies-in-internet-explorer-9<\/a><\/li><li><strong>Mozilla Firefox,<\/strong>from\u00a0<a href=\"http:\/\/support.mozilla.org\/es\/kb\/habilitar-y-deshabilitar-cookies-que-los-sitios-we\">http:\/\/support.mozilla.org\/es\/kb\/habilitar-y-deshabilitar-cookies-que-los-sitios-we<\/a><\/li><li><strong>Safari<\/strong>from\u00a0<a href=\"http:\/\/support.apple.com\/kb\/ph5042\">http:\/\/support.apple.com\/kb\/ph5042<\/a><\/li><\/ul><p>\u00a0<\/p><p><strong>Website tools<\/strong><\/p><ul><li data-leveltext=\"\uf0b7\" data-font=\"Symbol\" data-listid=\"1\" data-list-defn-props=\"{&quot;335552541&quot;:1,&quot;335559685&quot;:720,&quot;335559991&quot;:360,&quot;469769226&quot;:&quot;Symbol&quot;,&quot;469769242&quot;:[8226],&quot;469777803&quot;:&quot;left&quot;,&quot;469777804&quot;:&quot;\uf0b7&quot;,&quot;469777815&quot;:&quot;hybridMultilevel&quot;}\" aria-setsize=\"-1\" data-aria-posinset=\"1\" data-aria-level=\"1\"><b><span data-contrast=\"auto\">Google Analytics 4\u00a0<\/span><\/b><span data-ccp-props=\"{&quot;134245417&quot;:false}\">\u00a0<\/span><\/li><\/ul><p><span data-contrast=\"none\">Subject to your consent, we will use Google Analytics for statistical purposes to understand how you interact with our website without Google personally identifying each visitor. For these purposes, you should note that Google Analytics 4 does not record or store IP addresses on any server, but uses an event and parameter based measurement model, which is the information it records on EU domains and servers.\u00a0<\/span><\/p><p><span class=\"TextRun SCXW38697144 BCX8\" lang=\"ES-ES\" xml:lang=\"ES-ES\" data-contrast=\"none\"><span class=\"NormalTextRun SCXW38697144 BCX8\">In this context, Google collects only granular data on approximate location and device characteristics. <\/span><\/span><span class=\"TextRun SCXW38697144 BCX8\" lang=\"ES-ES\" xml:lang=\"ES-ES\" data-contrast=\"none\"><span class=\"NormalTextRun SCXW38697144 BCX8\">In addition, Google will only include estimated data from users who have consented to the use of identifiers. <\/span><\/span><\/p><p><span class=\"TextRun SCXW38697144 BCX8\" lang=\"ES-ES\" xml:lang=\"ES-ES\" data-contrast=\"none\"><span class=\"NormalTextRun SCXW38697144 BCX8\"><span class=\"TextRun SCXW36127887 BCX8\" lang=\"ES-ES\" xml:lang=\"ES-ES\" data-contrast=\"none\"><span class=\"NormalTextRun SCXW36127887 BCX8\">For more information, you can visit our provider's privacy policy by clicking here. <\/span><\/span><a href=\"https:\/\/policies.google.com\/privacy?hl=es\"><span class=\"TextRun Underlined SCXW36127887 BCX8\" lang=\"ES-ES\" xml:lang=\"ES-ES\" data-contrast=\"none\"><span class=\"NormalTextRun SCXW36127887 BCX8\">here<\/span><\/span><span class=\"TextRun SCXW36127887 BCX8\" lang=\"ES-ES\" xml:lang=\"ES-ES\" data-contrast=\"none\"><span class=\"NormalTextRun SCXW36127887 BCX8\">.<\/span><\/span>\u00a0<\/a><\/span><\/span>\u00a0<\/p><p><strong><strong><strong>Recipients of the information<\/strong><\/strong><\/strong><\/p><p>We inform you that the suppliers detailed in this policy have access to the information obtained through the cookies on the website. We also inform you that some of our suppliers and\/or collaborating companies may make transfers to third countries.<\/p><p>For these purposes, we recommend that you visit their respective privacy policies, which are accessible through the links provided in the Settings Panel (Google Analytics 4).<\/p><p><strong>Cookie policy update<\/strong><\/p><p>This cookie policy may be modified\/updated according to the established legal requirements or with the aim of adapting said policy to the instructions issued by the Spanish Data Protection Agency or due to the updating of our website. For this reason, we advise users to periodically visit our cookies policy.<\/p><p><span class=\"TextRun Highlight SCXW75104546 BCX8\" lang=\"ES-ES\" xml:lang=\"ES-ES\" data-contrast=\"none\"><span class=\"NormalTextRun SCXW75104546 BCX8\">If you have any doubts about this cookies policy, you can contact LUXIDA SL via the following email address<\/span> <\/span><a class=\"Hyperlink SCXW75104546 BCX8\" href=\"mailto:luxida@luxida.es\" target=\"_blank\" rel=\"noreferrer noopener\"><span class=\"TextRun Highlight Underlined SCXW75104546 BCX8\" lang=\"ES-ES\" xml:lang=\"ES-ES\" data-contrast=\"none\"><span class=\"NormalTextRun SCXW75104546 BCX8\" data-ccp-charstyle=\"Hyperlink\">luxida@luxida.es<\/span><\/span><\/a><span class=\"TextRun Highlight SCXW75104546 BCX8\" lang=\"ES-ES\" xml:lang=\"ES-ES\" data-contrast=\"none\"><span class=\"NormalTextRun SCXW75104546 BCX8\">.\u00a0<\/span><\/span><\/p><p>For further information about the processing of your personal data, please contact our\u00a0<a href=\"https:\/\/luxida.es\/en\/politica-de-privacidad\/\">Privacy Policy<\/a>.<\/p><p>\u00a0<\/p><p>Last revised: 24 January 2025<\/p>\t\t\t\t\t\t\t\t<\/div>\n\t\t\t\t<\/div>\n\t\t\t\t<\/div>\n\t\t\t\t<\/div>","protected":false},"excerpt":{"rendered":"<p>Pol\u00edtica de Cookies El objetivo de esta pol\u00edtica es informar a los interesados acerca de las cookies que emplea esta p\u00e1gina web, de conformidad con lo establecido en la Ley 34\/2002, de 11 de julio, de Servicios de la Sociedad de la Informaci\u00f3n y de Comercio Electr\u00f3nico,\u00a0\u00a0y el Reglamento (UE) 2016\/679 del Parlamento Europeo y [&hellip;]<\/p>","protected":false},"author":1,"featured_media":0,"parent":0,"menu_order":14,"comment_status":"closed","ping_status":"closed","template":"","meta":{"footnotes":""},"class_list":["post-86","page","type-page","status-publish","hentry"],"_links":{"self":[{"href":"https:\/\/luxida.es\/en\/wp-json\/wp\/v2\/pages\/86","targetHints":{"allow":["GET"]}}],"collection":[{"href":"https:\/\/luxida.es\/en\/wp-json\/wp\/v2\/pages"}],"about":[{"href":"https:\/\/luxida.es\/en\/wp-json\/wp\/v2\/types\/page"}],"author":[{"embeddable":true,"href":"https:\/\/luxida.es\/en\/wp-json\/wp\/v2\/users\/1"}],"replies":[{"embeddable":true,"href":"https:\/\/luxida.es\/en\/wp-json\/wp\/v2\/comments?post=86"}],"version-history":[{"count":31,"href":"https:\/\/luxida.es\/en\/wp-json\/wp\/v2\/pages\/86\/revisions"}],"predecessor-version":[{"id":5877,"href":"https:\/\/luxida.es\/en\/wp-json\/wp\/v2\/pages\/86\/revisions\/5877"}],"wp:attachment":[{"href":"https:\/\/luxida.es\/en\/wp-json\/wp\/v2\/media?parent=86"}],"curies":[{"name":"wp","href":"https:\/\/api.w.org\/{rel}","templated":true}]}}