{"id":86,"date":"2024-11-18T10:25:14","date_gmt":"2024-11-18T09:25:14","guid":{"rendered":"https:\/\/luxida.es\/?page_id=86"},"modified":"2025-04-15T16:52:52","modified_gmt":"2025-04-15T14:52:52","slug":"politica-de-cookies","status":"publish","type":"page","link":"https:\/\/luxida.es\/ca\/politica-de-cookies\/","title":{"rendered":"Pol\u00edtica de Cookies"},"content":{"rendered":"<div data-elementor-type=\"wp-page\" data-elementor-id=\"86\" class=\"elementor elementor-86\" data-elementor-post-type=\"page\">\n\t\t\t\t<div class=\"elementor-element elementor-element-5231063 e-con-full e-flex e-con e-parent\" data-id=\"5231063\" data-element_type=\"container\">\n\t\t\t\t<div class=\"elementor-element elementor-element-e866029 elementor-widget elementor-widget-heading\" data-id=\"e866029\" data-element_type=\"widget\" data-widget_type=\"heading.default\">\n\t\t\t\t<div class=\"elementor-widget-container\">\n\t\t\t\t\t<h1 class=\"elementor-heading-title elementor-size-default\">Pol\u00edtica de Cookies<\/h1>\t\t\t\t<\/div>\n\t\t\t\t<\/div>\n\t\t\t\t<div class=\"elementor-element elementor-element-243f293 elementor-widget elementor-widget-text-editor\" data-id=\"243f293\" data-element_type=\"widget\" data-widget_type=\"text-editor.default\">\n\t\t\t\t<div class=\"elementor-widget-container\">\n\t\t\t\t\t\t\t\t\t<p>L&#039;objectiu d&#039;aquesta pol\u00edtica \u00e9s informar els interessats sobre les cookies que empra aquesta p\u00e0gina web, de conformitat amb all\u00f2 establert a la Llei 34\/2002, d&#039;11 de juliol, de Serveis de la Societat de la Informaci\u00f3 i de Comer\u00e7 Electr\u00f2nic, i el Reglament (UE) 2016\/679 del Parlament Europeu i del Consell de 27 d&#039;abril del 2016.<\/p><p><strong>Definicions<\/strong><\/p><p>Cookie \u00e9s un fitxer que es descarrega al vostre ordinador en accedir a determinades p\u00e0gines web, Smartphone, tablet o dispositiu an\u00e0leg. Les galetes permeten a una p\u00e0gina web, entre altres coses, emmagatzemar i recuperar informaci\u00f3 sobre els h\u00e0bits de navegaci\u00f3 d&#039;un usuari o del seu equip i, depenent de la informaci\u00f3 que continguin i de la manera com utilitzi el seu equip, es poden utilitzar per recon\u00e8ixer a l&#039;usuari. La utilitzaci\u00f3 de cookies ofereix nombrosos avantatges en la prestaci\u00f3 de serveis de la Societat de la Informaci\u00f3, ja que, entre d&#039;altres:<\/p><p>(a) facilita la navegaci\u00f3 de l&#039;usuari al Lloc Web;<\/p><p>(b) facilita a l&#039;usuari l&#039;acc\u00e9s als diferents serveis que ofereix el Lloc Web;<\/p><p>(c) evita a l&#039;usuari tornar a configurar les caracter\u00edstiques generals predefinides cada cop que accedeix al Lloc Web;<\/p><p>(d) afavoreix la millora del funcionament i dels serveis prestats a trav\u00e9s del Lloc Web, despr\u00e9s de la corresponent an\u00e0lisi de la informaci\u00f3 obtinguda a trav\u00e9s de les cookies instal\u00b7lades;<\/p><p>(e) permeten a un Lloc Web, entre altres coses, emmagatzemar i recuperar informaci\u00f3 sobre els h\u00e0bits de navegaci\u00f3 d&#039;un usuari o del seu equip i, depenent de la informaci\u00f3 que continguin i de la manera com utilitzi el seu equip, es poden utilitzar per a recon\u00e8ixer l&#039;usuari.<\/p><p>La majoria dels navegadors accepten com a est\u00e0ndard les galetes i, amb independ\u00e8ncia de les mateixes, permeten o impedeixen en els ajustaments de seguretat les galetes temporals o memoritzades. Tingueu en compte que, per poder utilitzar i comptar amb una millor experi\u00e8ncia de navegaci\u00f3, cal que tingueu habilitades les cookies, especialment aquelles de car\u00e0cter t\u00e8cnic que resulten necess\u00e0ries perqu\u00e8 puguen identificar-vos com a usuari registrat cada vegada que accediu a la present web. En cas de no voler rebre cookies, podeu, configureu el vostre navegador d&#039;internet, perqu\u00e8 les esborri del disc dur del vostre ordinador, les bloquegeu o us avisi si \u00e9s el cas d&#039;instal\u00b7laci\u00f3 de les mateixes.<\/p><p><strong>Quins tipus de galetes utilitza aquesta p\u00e0gina web?<\/strong><\/p><p>Per tal de proporcionar-vos la m\u00e0xima informaci\u00f3 possible, en primer lloc, procedim a realitzar una classificaci\u00f3 de les cookies, en funci\u00f3 d&#039;una s\u00e8rie de categories:<\/p><p>Tipus de galetes segons l&#039;entitat que les gestioni:<\/p><ol><li>a) Cookies Pr\u00f2pies:<\/li><\/ol><p>S\u00f3n aquelles de qu\u00e8 \u00e9s responsable el mateix editor i que, generalment, s&#039;envien a l&#039;equip terminal de l&#039;usuari des d&#039;un equip o domini gestionat pel mateix editor i des del qual es presta el servei sol\u00b7licitat per l&#039;usuari.<\/p><ol><li>b) Cookies de tercers:<\/li><\/ol><p>S\u00f3n aquelles de les quals \u00e9s responsable una entitat diferent de l&#039;editor i que, generalment, s&#039;envien a l&#039;equip terminal de l&#039;usuari des d&#039;un equip o domini que no \u00e9s gestionat per l&#039;editor, sin\u00f3 per una altra entitat que tracta les dades obtingudes a trav\u00e9s de les galetes.<\/p><p>Tipus de cookies segons la finalitat:<\/p><ul><li><b><span data-contrast=\"none\">a) Cookies t\u00e8cniques: <\/span><\/b><span data-contrast=\"none\">s\u00f3n aquelles que permeten a l&#039;usuari la navegaci\u00f3 a trav\u00e9s d&#039;una p\u00e0gina web, plataforma o aplicaci\u00f3 i la utilitzaci\u00f3 de les diferents opcions o serveis que hi hagi, incloent-hi aquelles que l&#039;editor utilitza per permetre la gesti\u00f3 i operativa de la p\u00e0gina web i habilitar-ne les funcions i serveis, com ara controlar el tr\u00e0nsit i la comunicaci\u00f3 de dades, identificar la sessi\u00f3, accedir a parts d&#039;acc\u00e9s restringit, realitzar el proc\u00e9s so, habilitar continguts din\u00e0mics, etc.).<\/span><\/li><\/ul><p><span data-ccp-props=\"{&quot;469777462&quot;:[82],&quot;469777927&quot;:[0],&quot;469777928&quot;:[1]}\">\u00a0<\/span><\/p><ul><li><b><span data-contrast=\"none\">b) Cookies de prefer\u00e8ncies o personalitzaci\u00f3:<\/span><\/b><span data-contrast=\"none\"> s\u00f3n aquelles que permeten recordar informaci\u00f3 perqu\u00e8 l&#039;usuari accedeixi al servei amb determinades caracter\u00edstiques que poden diferenciar la seva experi\u00e8ncia de la d&#039;altres usuaris, com ara l&#039;idioma, el nombre de resultats a mostrar quan l&#039;usuari fa una cerca, etc.<\/span><\/li><\/ul><p><span data-ccp-props=\"{&quot;469777462&quot;:[52],&quot;469777927&quot;:[0],&quot;469777928&quot;:[1]}\">\u00a0<\/span><\/p><ul><li><b><span data-contrast=\"none\">c) Galetes d&#039;an\u00e0lisi o mesurament:<\/span><\/b><span data-contrast=\"none\"> s\u00f3n aquelles que permeten al responsable de les mateixes el seguiment i an\u00e0lisi del comportament dels usuaris dels llocs web als quals estan vinculades, inclosa la quantificaci\u00f3 dels impactes dels anuncis.<\/span><\/li><\/ul><p><span data-ccp-props=\"{&quot;469777462&quot;:[52],&quot;469777927&quot;:[0],&quot;469777928&quot;:[1]}\">\u00a0<\/span><\/p><ul><li><b><span data-contrast=\"none\">d) Cookies de publicitat comportamental:<\/span><\/b><span data-contrast=\"none\"> s\u00f3n aquelles que emmagatzemen informaci\u00f3 del comportament dels usuaris obtinguda a trav\u00e9s de l&#039;observaci\u00f3 continuada dels seus h\u00e0bits de navegaci\u00f3, cosa que permet desenvolupar un perfil espec\u00edfic per mostrar publicitat en funci\u00f3 del mateix.<\/span><\/li><\/ul><p><span data-ccp-props=\"{&quot;469777462&quot;:[52],&quot;469777927&quot;:[0],&quot;469777928&quot;:[1]}\">\u00a0<\/span><\/p><p>Tipus de cookies segons el termini de temps que romanen activades:\u00a0<\/p><ul><li><b><span data-contrast=\"none\">a) Cookies de sessi\u00f3: <\/span><\/b><span data-contrast=\"none\">s\u00f3n aquelles dissenyades per demanar i emmagatzemar dades mentre l&#039;usuari accedeix a una p\u00e0gina web. Se solen emprar per emmagatzemar informaci\u00f3 que nom\u00e9s interessa conservar per a la prestaci\u00f3 del servei sol\u00b7licitat per l&#039;usuari en una sola ocasi\u00f3 (per exemple, una llista de productes adquirits) i desapareixen en acabar la sessi\u00f3.<\/span><\/li><\/ul><p>\u00a0<\/p><ul><li><b><span data-contrast=\"none\">b) Cookies persistents:<\/span><\/b><span data-contrast=\"none\"> s\u00f3n aquelles en qu\u00e8 les dades segueixen emmagatzemades al terminal i poden ser accedides i tractades durant un per\u00edode definit pel responsable de la galeta, i que pot anar d&#039;uns minuts a diversos anys.\u00a0<\/span><\/li><\/ul><div class=\"cky-audit-table-element\"><p>\u00a0<\/p><p>Tipus de cookies segons el termini de temps que romanen activades:\u00a0<\/p><ul><li><b><span data-contrast=\"none\">a) Cookies de sessi\u00f3: <\/span><\/b><span data-contrast=\"none\">s\u00f3n aquelles dissenyades per demanar i emmagatzemar dades mentre l&#039;usuari accedeix a una p\u00e0gina web. Se solen emprar per emmagatzemar informaci\u00f3 que nom\u00e9s interessa conservar per a la prestaci\u00f3 del servei sol\u00b7licitat per l&#039;usuari en una sola ocasi\u00f3 (per exemple, una llista de productes adquirits) i desapareixen en acabar la sessi\u00f3.<\/span><\/li><\/ul><p><span data-ccp-props=\"{&quot;469777462&quot;:[82],&quot;469777927&quot;:[0],&quot;469777928&quot;:[1]}\">\u00a0<\/span><\/p><ul><li><b><span data-contrast=\"none\">b) Cookies persistents:<\/span><\/b><span data-contrast=\"none\"> s\u00f3n aquelles en qu\u00e8 les dades segueixen emmagatzemades al terminal i poden ser accedides i tractades durant un per\u00edode definit pel responsable de la galeta, i que pot anar d&#039;uns minuts a diversos anys.\u00a0<\/span><\/li><\/ul><\/div><p>\u00a0<\/p><p>El portal del qual \u00e9s titular Luxida SL pot contenir enlla\u00e7os a llocs web de tercers, les pol\u00edtiques de privadesa dels quals s\u00f3n alienes a la de Luxida SL. En accedir a aquests llocs web vost\u00e8 pot decidir si accepta les seves pol\u00edtiques de privadesa i de cookies. Amb car\u00e0cter general, si navega per internet vost\u00e8 pot acceptar o rebutjar les galetes de tercers des de les opcions de configuraci\u00f3 del seu navegador. Luxida SL no es fa responsable, en cap cas, ni del contingut ni de la veracitat de les pol\u00edtiques i\/o condicions d&#039;\u00fas i privadesa dels tercers.<\/p><p><strong> Consentiment<\/strong><\/p><p>En relaci\u00f3 amb la utilitzaci\u00f3 de cookies d&#039;aquest lloc web, l&#039;usuari autoritza i consenteix el seu \u00fas de la manera seg\u00fcent:<\/p><p>Quan l&#039;usuari accedeix a qualsevol p\u00e0gina del web, veureu un av\u00eds on s&#039;indica que la p\u00e0gina web de Luxida SL utilitza cookies, podent l&#039;usuari acceptar o rebutjar o configurar-les. En fer clic a acceptar, vost\u00e8 accepta l&#039;\u00fas de les nostres galetes i, si escau, les de tercers. A aquest efecte, us indiquem que el panell de configuraci\u00f3 permet la possibilitat d&#039;acceptar-les o rebutjar-les per tipologia.<\/p><p><strong> Terminis o criteris de conservaci\u00f3 de les dades<\/strong><\/p><p>Les dades obtingudes a trav\u00e9s de l&#039;\u00fas de les cookies per vost\u00e8 seleccionades, seran conservades durant el temps necessari per complir les finalitats per a les quals van ser recopilades i durant el per\u00edode de temps establert a l&#039;apartat \u00abQuins tipus de cookies utilitza aquesta p\u00e0gina web\u00bb de la present pol\u00edtica, per a cadascuna de les cookies instal\u00b7lades al dispositiu.<\/p><p><strong> Desactivaci\u00f3 de cookies<\/strong><\/p><p>Podeu permetre, bloquejar, revocar o eliminar les cookies instal\u00b7lades al vostre equip a trav\u00e9s de la configuraci\u00f3 del vostre navegador. Podeu trobar informaci\u00f3 sobre com fer-ho, en relaci\u00f3 amb els navegadors m\u00e9s comuns, als links que s&#039;inclouen a continuaci\u00f3:<\/p><ul><li><strong>Chrome<\/strong>,des\u00a0<a href=\"http:\/\/support.google.com\/chrome\/bin\/answer.py?hl=es&amp;answer=95647\">http:\/\/support.google.com\/chrome\/bin\/answer.py?hl=es&amp;answer=95647<\/a><\/li><li><strong>Microsoft Edge. \/ Explorer<\/strong>\u00a0des\u00a0<a href=\"http:\/\/windows.microsoft.com\/es-es\/windows7\/how-to-manage-cookies-in-internet-explorer-9\">http:\/\/windows.microsoft.com\/es-es\/windows7\/how-to-manage-cookies-in-internet-explorer-9<\/a><\/li><li><strong>Mozilla Firefox,<\/strong>, des de\u00a0<a href=\"http:\/\/support.mozilla.org\/es\/kb\/habilitar-y-deshabilitar-cookies-que-los-sitios-we\">http:\/\/support.mozilla.org\/es\/kb\/habilitar-y-deshabilitar-cookies-que-los-sitios-we<\/a><\/li><li><strong>Safari<\/strong>, des de\u00a0<a href=\"http:\/\/support.apple.com\/kb\/ph5042\">http:\/\/support.apple.com\/kb\/ph5042<\/a><\/li><\/ul><p>\u00a0<\/p><p><strong>Eines del lloc web<\/strong><\/p><ul><li data-leveltext=\"\uf0b7\" data-font=\"Symbol\" data-listid=\"1\" data-list-defn-props=\"{&quot;335552541&quot;:1,&quot;335559685&quot;:720,&quot;335559991&quot;:360,&quot;469769226&quot;:&quot;Symbol&quot;,&quot;469769242&quot;:[8226],&quot;469777803&quot;:&quot;left&quot;,&quot;469777804&quot;:&quot;\uf0b7&quot;,&quot;469777815&quot;:&quot;hybridMultilevel&quot;}\" aria-setsize=\"-1\" data-aria-posinset=\"1\" data-aria-level=\"1\"><b><span data-contrast=\"auto\">Google Analytics 4\u00a0<\/span><\/b><span data-ccp-props=\"{&quot;134245417&quot;:false}\">\u00a0<\/span><\/li><\/ul><p><span data-contrast=\"none\">Sempre que comptem amb el vostre consentiment, utilitzarem Google Analytics amb finalitats estad\u00edstiques per comprendre com interactua amb el nostre lloc web sense que Google identifiqui personalment cada visitant. A aquests efectes, ha de tenir en compte que Google Analytics 4 no registra ni emmagatzema adreces IP a cap servidor, sin\u00f3 que utilitza un model de mesurament basat en esdeveniments i par\u00e0metres, sent aquesta la informaci\u00f3 que registra als dominis i servidors de la UE.\u00a0<\/span><\/p><p><span class=\"TextRun SCXW38697144 BCX8\" lang=\"ES-ES\" xml:lang=\"ES-ES\" data-contrast=\"none\"><span class=\"NormalTextRun SCXW38697144 BCX8\">En aquest context, Google nom\u00e9s recull dades granulars d&#039;ubicaci\u00f3 aproximada i de caracter\u00edstiques del dispositiu. <\/span><\/span><span class=\"TextRun SCXW38697144 BCX8\" lang=\"ES-ES\" xml:lang=\"ES-ES\" data-contrast=\"none\"><span class=\"NormalTextRun SCXW38697144 BCX8\">Google nom\u00e9s inclour\u00e0 dades estimades d&#039;usuaris que han consentit l&#039;\u00fas d&#039;identificadors. <\/span><\/span><\/p><p><span class=\"TextRun SCXW38697144 BCX8\" lang=\"ES-ES\" xml:lang=\"ES-ES\" data-contrast=\"none\"><span class=\"NormalTextRun SCXW38697144 BCX8\"><span class=\"TextRun SCXW36127887 BCX8\" lang=\"ES-ES\" xml:lang=\"ES-ES\" data-contrast=\"none\"><span class=\"NormalTextRun SCXW36127887 BCX8\">Per a m\u00e9s informaci\u00f3, podeu visitar la pol\u00edtica de privadesa del nostre prove\u00efdor fent clic <\/span><\/span><a href=\"https:\/\/policies.google.com\/privacy?hl=es\"><span class=\"TextRun Underlined SCXW36127887 BCX8\" lang=\"ES-ES\" xml:lang=\"ES-ES\" data-contrast=\"none\"><span class=\"NormalTextRun SCXW36127887 BCX8\">aqu\u00ed<\/span><\/span><span class=\"TextRun SCXW36127887 BCX8\" lang=\"ES-ES\" xml:lang=\"ES-ES\" data-contrast=\"none\"><span class=\"NormalTextRun SCXW36127887 BCX8\">.<\/span><\/span>\u00a0<\/a><\/span><\/span>\u00a0<\/p><p><strong><strong><strong>Destinataris de la informaci\u00f3<\/strong><\/strong><\/strong><\/p><p>Us informem que els prove\u00efdors detallats en aquesta pol\u00edtica tenen acc\u00e9s a la informaci\u00f3 obtinguda a trav\u00e9s de les cookies del lloc web. Aix\u00ed mateix, us informem que alguns dels nostres prove\u00efdors, i\/o empreses col\u00b7laboradores poden realitzar transfer\u00e8ncies a tercers pa\u00efsos.<\/p><p>A aquest efecte, us recomanem que visiteu les seves respectives pol\u00edtiques de privadesa, les quals es troben accessibles a trav\u00e9s dels enlla\u00e7os facilitats al Panell de Configuraci\u00f3. (Google Analytics 4).<\/p><p><strong>Actualitzaci\u00f3 de la pol\u00edtica de cookies<\/strong><\/p><p>Aquesta pol\u00edtica de cookies es pot veure modificada\/actualitzada en funci\u00f3 de les exig\u00e8ncies legals establertes o amb la finalitat d&#039;adaptar aquesta pol\u00edtica a les instruccions dictades per l&#039;Ag\u00e8ncia Espanyola de Protecci\u00f3 de Dades o per actualitzaci\u00f3 del nostre lloc web. Per aix\u00f2, aconsellem als usuaris que visitin peri\u00f2dicament la nostra pol\u00edtica de cookies.<\/p><p><span class=\"TextRun Highlight SCXW75104546 BCX8\" lang=\"ES-ES\" xml:lang=\"ES-ES\" data-contrast=\"none\"><span class=\"NormalTextRun SCXW75104546 BCX8\">Si teniu dubtes sobre aquesta pol\u00edtica de cookies, podeu contactar amb LUXIDA SL a trav\u00e9s del seg\u00fcent correu electr\u00f2nic<\/span> <\/span><a class=\"Hyperlink SCXW75104546 BCX8\" href=\"mailto:luxida@luxida.es\" target=\"_blank\" rel=\"noreferrer noopener\"><span class=\"TextRun Highlight Underlined SCXW75104546 BCX8\" lang=\"ES-ES\" xml:lang=\"ES-ES\" data-contrast=\"none\"><span class=\"NormalTextRun SCXW75104546 BCX8\" data-ccp-charstyle=\"Hyperlink\">luxida@luxida.es<\/span><\/span><\/a><span class=\"TextRun Highlight SCXW75104546 BCX8\" lang=\"ES-ES\" xml:lang=\"ES-ES\" data-contrast=\"none\"><span class=\"NormalTextRun SCXW75104546 BCX8\">.\u00a0<\/span><\/span><\/p><p>Per obtenir informaci\u00f3 addicional sobre el tractament de les vostres dades personals acudiu a la nostra\u00a0<a href=\"https:\/\/luxida.es\/ca\/politica-de-privacidad\/\">Pol\u00edtica de Privadesa<\/a>.<\/p><p>\u00a0<\/p><p>\u00daltima revisi\u00f3: 24 de gener de 2025<\/p>\t\t\t\t\t\t\t\t<\/div>\n\t\t\t\t<\/div>\n\t\t\t\t<\/div>\n\t\t\t\t<\/div>","protected":false},"excerpt":{"rendered":"<p>Pol\u00edtica de Cookies L&#039;objectiu d&#039;aquesta pol\u00edtica \u00e9s informar els interessats sobre les cookies que empra aquesta p\u00e0gina web, de conformitat amb all\u00f2 establert a la Llei 34\/2002, d&#039;11 de juliol, de Serveis de la Societat de la Informaci\u00f3 i de Comer\u00e7 Electr\u00f2nic, i el Reglament (UE) 2016\/679 del Parlament Europeu i [\u2026]<\/p>","protected":false},"author":1,"featured_media":0,"parent":0,"menu_order":14,"comment_status":"closed","ping_status":"closed","template":"","meta":{"footnotes":""},"class_list":["post-86","page","type-page","status-publish","hentry"],"_links":{"self":[{"href":"https:\/\/luxida.es\/ca\/wp-json\/wp\/v2\/pages\/86","targetHints":{"allow":["GET"]}}],"collection":[{"href":"https:\/\/luxida.es\/ca\/wp-json\/wp\/v2\/pages"}],"about":[{"href":"https:\/\/luxida.es\/ca\/wp-json\/wp\/v2\/types\/page"}],"author":[{"embeddable":true,"href":"https:\/\/luxida.es\/ca\/wp-json\/wp\/v2\/users\/1"}],"replies":[{"embeddable":true,"href":"https:\/\/luxida.es\/ca\/wp-json\/wp\/v2\/comments?post=86"}],"version-history":[{"count":31,"href":"https:\/\/luxida.es\/ca\/wp-json\/wp\/v2\/pages\/86\/revisions"}],"predecessor-version":[{"id":5877,"href":"https:\/\/luxida.es\/ca\/wp-json\/wp\/v2\/pages\/86\/revisions\/5877"}],"wp:attachment":[{"href":"https:\/\/luxida.es\/ca\/wp-json\/wp\/v2\/media?parent=86"}],"curies":[{"name":"wp","href":"https:\/\/api.w.org\/{rel}","templated":true}]}}