{"id":5769,"date":"2025-03-26T17:44:18","date_gmt":"2025-03-26T16:44:18","guid":{"rendered":"https:\/\/luxida.es\/?page_id=5769"},"modified":"2025-04-08T17:34:31","modified_gmt":"2025-04-08T15:34:31","slug":"politica-de-privacidad-luxida-instalaciones","status":"publish","type":"page","link":"https:\/\/luxida.es\/ca\/politica-de-privacidad-luxida-instalaciones\/","title":{"rendered":"Pol\u00edtica de Privadesa Luxida Instal\u00b7lacions"},"content":{"rendered":"<div data-elementor-type=\"wp-page\" data-elementor-id=\"5769\" class=\"elementor elementor-5769\" data-elementor-post-type=\"page\">\n\t\t\t\t<div class=\"elementor-element elementor-element-261ed99c e-flex e-con-boxed e-con e-parent\" data-id=\"261ed99c\" data-element_type=\"container\">\n\t\t\t\t\t<div class=\"e-con-inner\">\n\t\t\t\t<div class=\"elementor-element elementor-element-2e11e44c elementor-widget elementor-widget-text-editor\" data-id=\"2e11e44c\" data-element_type=\"widget\" data-widget_type=\"text-editor.default\">\n\t\t\t\t<div class=\"elementor-widget-container\">\n\t\t\t\t\t\t\t\t\t\n<figure class=\"wp-block-gallery has-nested-images columns-default is-cropped wp-block-gallery-2 is-layout-flex wp-block-gallery-is-layout-flex\"><\/figure>\n\t\t\t\t\t\t\t\t<\/div>\n\t\t\t\t<\/div>\n\t\t\t\t\t<\/div>\n\t\t\t\t<\/div>\n\t\t<div class=\"elementor-element elementor-element-41d24f87 e-con-full e-flex e-con e-parent\" data-id=\"41d24f87\" data-element_type=\"container\">\n\t\t\t\t<div class=\"elementor-element elementor-element-144d27fe elementor-widget elementor-widget-heading\" data-id=\"144d27fe\" data-element_type=\"widget\" data-widget_type=\"heading.default\">\n\t\t\t\t<div class=\"elementor-widget-container\">\n\t\t\t\t\t<h1 class=\"elementor-heading-title elementor-size-default\">Pol\u00edtica de Privadesa Luxida Instal\u00b7lacions<\/h1>\t\t\t\t<\/div>\n\t\t\t\t<\/div>\n\t\t\t\t<div class=\"elementor-element elementor-element-7ceea085 elementor-widget elementor-widget-text-editor\" data-id=\"7ceea085\" data-element_type=\"widget\" data-widget_type=\"text-editor.default\">\n\t\t\t\t<div class=\"elementor-widget-container\">\n\t\t\t\t\t\t\t\t\t<p><span class=\"TextRun SCXW101927757 BCX8\" lang=\"ES-ES\" xml:lang=\"ES-ES\" data-contrast=\"none\"><span class=\"NormalTextRun SCXW101927757 BCX8\">L&#039;objectiu d&#039;aquesta pol\u00edtica \u00e9s informar els interessats sobre els diferents tractaments realitzats per aquesta organitzaci\u00f3 mitjan\u00e7ant la p\u00e0gina web i que afectin les vostres dades personals<\/span><span class=\"NormalTextRun SCXW101927757 BCX8\">,<\/span><span class=\"NormalTextRun SCXW101927757 BCX8\"> de conformitat amb all\u00f2 establert al Reglament (UE) 2016\/679 del Parlament Europeu i del Consell de 27 d&#039;abril de 2016 ia la Llei Org\u00e0nica 3\/2018, de 5 de desembre, de Protecci\u00f3 de Dades Personals i garantia dels drets digitals.<\/span><\/span><\/p>\n<p><strong>IDENTIFICACI\u00d3 I DADES DE CONTACTE DEL RESPONSABLE.<\/strong><\/p>\n<p>L&#039;organitzaci\u00f3 <span class=\"TextRun SCXW238027908 BCX8\" lang=\"ES-ES\" xml:lang=\"ES-ES\" data-contrast=\"none\"><span class=\"NormalTextRun SCXW238027908 BCX8\">LUXIDA INSTALACIONES, SL, domiciliada a <\/span><span class=\"NormalTextRun SCXW238027908 BCX8\">c\/ <\/span><span class=\"NormalTextRun SpellingErrorV2Themed SCXW238027908 BCX8\">Gobeles<\/span><span class=\"NormalTextRun SCXW238027908 BCX8\"> 13, 1a planta, <\/span><span class=\"NormalTextRun SCXW238027908 BCX8\">28023,<\/span> <span class=\"NormalTextRun SCXW238027908 BCX8\">Madrid<\/span><span class=\"NormalTextRun SCXW238027908 BCX8\">,<\/span><span class=\"NormalTextRun SCXW238027908 BCX8\"> amb NIF B88435573, tel\u00e8fon de contacte 913576310 i correu electr\u00f2nic <\/span><\/span><span class=\"TextRun Highlight Underlined SCXW238027908 BCX8\" lang=\"ES-ES\" xml:lang=\"ES-ES\" data-contrast=\"none\"><span class=\"NormalTextRun SCXW238027908 BCX8\">luxida@luxida.es<\/span><\/span><\/p>\n<p><span style=\"text-decoration: underline;\">DELEGAT DE PROTECCI\u00d3 DE DADES<\/span><span data-ccp-props=\"{}\">\u00a0<\/span><\/p>\n<p><span data-contrast=\"none\">SEGURETAT I PRIVACITAT DE DADES, SL, amb tel\u00e8fon de contacte <\/span><a href=\"tel: 34963122868\"><span data-contrast=\"none\">963 122 868<\/span><\/a><span data-contrast=\"none\"> i correu electr\u00f2nic <\/span><a href=\"mailto:infodpo@forlopd.es\"><span data-contrast=\"none\">infodpo@forlopd.es<\/span><\/a><span data-ccp-props=\"{}\">\u00a0<\/span><\/p>\n<p><strong>FINALITATS DEL TRACTAMENT DE LES SEVES DADES PERSONALS.<\/strong><\/p>\n<p>USUARIS\/NAVEGANTS DE LA P\u00c0GINA WEB DEL RESPONSABLE.<\/p>\n<p><span data-contrast=\"none\">Tractarem les dades de car\u00e0cter personal facilitades per a:<\/span><span data-ccp-props=\"{&quot;335559731&quot;:720}\">\u00a0<\/span><\/p>\n<ul>\n<li data-leveltext=\"\u25cf\" data-font=\"\" data-listid=\"40\" data-list-defn-props=\"{&quot;335552541&quot;:1,&quot;335559685&quot;:720,&quot;335559991&quot;:360,&quot;469769242&quot;:[8226],&quot;469777803&quot;:&quot;left&quot;,&quot;469777804&quot;:&quot;\u25cf&quot;,&quot;469777815&quot;:&quot;multilevel&quot;}\" aria-setsize=\"-1\" data-aria-posinset=\"1\" data-aria-level=\"1\"><span data-contrast=\"none\">Atendre les sol\u00b7licituds, queixes i incid\u00e8ncies traslladades a trav\u00e9s dels nostres canals de contacte incorporats a la p\u00e0gina web.\u00a0<\/span><span data-ccp-props=\"{&quot;335559685&quot;:1440}\">\u00a0<\/span><\/li>\n<\/ul>\n<ul>\n<li data-leveltext=\"\u25cf\" data-font=\"\" data-listid=\"40\" data-list-defn-props=\"{&quot;335552541&quot;:1,&quot;335559685&quot;:720,&quot;335559991&quot;:360,&quot;469769242&quot;:[8226],&quot;469777803&quot;:&quot;left&quot;,&quot;469777804&quot;:&quot;\u25cf&quot;,&quot;469777815&quot;:&quot;multilevel&quot;}\" aria-setsize=\"-1\" data-aria-posinset=\"2\" data-aria-level=\"1\"><span data-contrast=\"none\">Entendre el comportament del navegant dins de la web per tal de detectar possibles atacs inform\u00e0tics a la nostra web.<\/span><span data-ccp-props=\"{&quot;335559685&quot;:1440}\">\u00a0<\/span><\/li>\n<\/ul>\n<ul>\n<li data-leveltext=\"\u25cf\" data-font=\"\" data-listid=\"40\" data-list-defn-props=\"{&quot;335552541&quot;:1,&quot;335559685&quot;:720,&quot;335559991&quot;:360,&quot;469769242&quot;:[8226],&quot;469777803&quot;:&quot;left&quot;,&quot;469777804&quot;:&quot;\u25cf&quot;,&quot;469777815&quot;:&quot;multilevel&quot;}\" aria-setsize=\"-1\" data-aria-posinset=\"3\" data-aria-level=\"1\"><span data-contrast=\"none\">Complir les obligacions legals que ens resultin directament aplicables i regulin la nostra activitat.\u00a0<\/span><span data-ccp-props=\"{&quot;335559685&quot;:1440}\">\u00a0<\/span><\/li>\n<\/ul>\n<ul>\n<li data-leveltext=\"\u25cf\" data-font=\"\" data-listid=\"40\" data-list-defn-props=\"{&quot;335552541&quot;:1,&quot;335559685&quot;:720,&quot;335559991&quot;:360,&quot;469769242&quot;:[8226],&quot;469777803&quot;:&quot;left&quot;,&quot;469777804&quot;:&quot;\u25cf&quot;,&quot;469777815&quot;:&quot;multilevel&quot;}\" aria-setsize=\"-1\" data-aria-posinset=\"4\" data-aria-level=\"1\"><span data-contrast=\"none\">Protegir i exercir els nostres drets o respondre davant de reclamacions de qualsevol \u00edndole.<\/span><span data-ccp-props=\"{&quot;335559685&quot;:1440}\">\u00a0<\/span><\/li>\n<\/ul>\n<ul>\n<li data-leveltext=\"\u25cf\" data-font=\"\" data-listid=\"145\" data-list-defn-props=\"{&quot;335552541&quot;:1,&quot;335559685&quot;:720,&quot;335559991&quot;:360,&quot;469769242&quot;:[8226],&quot;469777803&quot;:&quot;left&quot;,&quot;469777804&quot;:&quot;\u25cf&quot;,&quot;469777815&quot;:&quot;multilevel&quot;}\" aria-setsize=\"-1\" data-aria-posinset=\"1\" data-aria-level=\"1\"><span data-contrast=\"none\">Si escau, enviament de comunicacions comercials relatives als b\u00e9ns o serveis que conformen la nostra activitat i\/o not\u00edcies o butlletins relacionats amb el nostre sector. La negativa a facilitar-nos l&#039;autoritzaci\u00f3 implicar\u00e0 la impossibilitat d&#039;enviar-li informaci\u00f3 per part de l&#039;entitat.<\/span><span data-ccp-props=\"{&quot;335559685&quot;:1440}\">\u00a0<\/span><\/li>\n<\/ul>\n<ul>\n<li data-leveltext=\"\u25cf\" data-font=\"\" data-listid=\"134\" data-list-defn-props=\"{&quot;335552541&quot;:1,&quot;335559685&quot;:720,&quot;335559991&quot;:360,&quot;469769242&quot;:[8226],&quot;469777803&quot;:&quot;left&quot;,&quot;469777804&quot;:&quot;\u25cf&quot;,&quot;469777815&quot;:&quot;multilevel&quot;}\" aria-setsize=\"-1\" data-aria-posinset=\"1\" data-aria-level=\"1\"><span data-contrast=\"none\">Si escau, gestionar la seva participaci\u00f3 en concursos i promocions que faci l&#039;entitat. La seva negativa a facilitar-nos lautoritzaci\u00f3 implicar\u00e0 la impossibilitat de participar.<\/span><span data-ccp-props=\"{&quot;335559685&quot;:1440}\">\u00a0<\/span><\/li>\n<\/ul>\n<ul>\n<li data-leveltext=\"\u25cf\" data-font=\"\" data-listid=\"134\" data-list-defn-props=\"{&quot;335552541&quot;:1,&quot;335559685&quot;:720,&quot;335559991&quot;:360,&quot;469769242&quot;:[8226],&quot;469777803&quot;:&quot;left&quot;,&quot;469777804&quot;:&quot;\u25cf&quot;,&quot;469777815&quot;:&quot;multilevel&quot;}\" aria-setsize=\"-1\" data-aria-posinset=\"2\" data-aria-level=\"1\"><span data-contrast=\"none\">Si escau, enviar enquestes de satisfacci\u00f3 i\/o qualitat. La negativa a facilitar-nos l&#039;autoritzaci\u00f3 implicar\u00e0 la impossibilitat d&#039;avaluar el servei prestat.<\/span><span data-ccp-props=\"{&quot;335559685&quot;:1440}\">\u00a0<\/span><\/li>\n<\/ul>\n<ul>\n<li data-leveltext=\"\u25cf\" data-font=\"\" data-listid=\"134\" data-list-defn-props=\"{&quot;335552541&quot;:1,&quot;335559685&quot;:720,&quot;335559991&quot;:360,&quot;469769242&quot;:[8226],&quot;469777803&quot;:&quot;left&quot;,&quot;469777804&quot;:&quot;\u25cf&quot;,&quot;469777815&quot;:&quot;multilevel&quot;}\" aria-setsize=\"-1\" data-aria-posinset=\"3\" data-aria-level=\"1\"><span data-contrast=\"none\">Gestionar i enviar-li el pressupost sol\u00b7licitat.<\/span><span data-ccp-props=\"{&quot;335559685&quot;:1440}\">\u00a0<\/span><\/li>\n<\/ul>\n<p>\u00a0<\/p>\n<p><strong>BASE JUR\u00cdDICA DEL TRACTAMENT.<\/strong><\/p>\n<p>USUARIS\/NAVEGANTS A LA P\u00c0GINA WEB DEL RESPONSABLE.<\/p>\n<ul>\n<li data-leveltext=\"\u25cf\" data-font=\"\" data-listid=\"88\" data-list-defn-props=\"{&quot;335552541&quot;:1,&quot;335559685&quot;:720,&quot;335559991&quot;:360,&quot;469769242&quot;:[8226],&quot;469777803&quot;:&quot;left&quot;,&quot;469777804&quot;:&quot;\u25cf&quot;,&quot;469777815&quot;:&quot;multilevel&quot;}\" aria-setsize=\"-1\" data-aria-posinset=\"1\" data-aria-level=\"1\"><span data-contrast=\"none\">Al consentiment que ens has prestat per tractar les teves dades amb les finalitats indicades. La negativa a facilitar les vostres dades personals comport\u00e9s la impossibilitat de tractar les vostres dades amb les finalitats esmentades.<\/span><span data-ccp-props=\"{&quot;335559685&quot;:1440}\">\u00a0<\/span><\/li>\n<\/ul>\n<ul>\n<li data-leveltext=\"\u25cf\" data-font=\"\" data-listid=\"88\" data-list-defn-props=\"{&quot;335552541&quot;:1,&quot;335559685&quot;:720,&quot;335559991&quot;:360,&quot;469769242&quot;:[8226],&quot;469777803&quot;:&quot;left&quot;,&quot;469777804&quot;:&quot;\u25cf&quot;,&quot;469777815&quot;:&quot;multilevel&quot;}\" aria-setsize=\"-1\" data-aria-posinset=\"2\" data-aria-level=\"1\"><span data-contrast=\"none\">Per complir les obligacions legals que se&#039;ns apliquen. En aquest cas, linteressat no podr\u00e0 negar-se al tractament de les dades personals.<\/span><span data-ccp-props=\"{&quot;335559685&quot;:1440}\">\u00a0<\/span><\/li>\n<\/ul>\n<ul>\n<li data-leveltext=\"\u25cf\" data-font=\"\" data-listid=\"88\" data-list-defn-props=\"{&quot;335552541&quot;:1,&quot;335559685&quot;:720,&quot;335559991&quot;:360,&quot;469769242&quot;:[8226],&quot;469777803&quot;:&quot;left&quot;,&quot;469777804&quot;:&quot;\u25cf&quot;,&quot;469777815&quot;:&quot;multilevel&quot;}\" aria-setsize=\"-1\" data-aria-posinset=\"3\" data-aria-level=\"1\"><span data-contrast=\"none\">En el nostre inter\u00e8s leg\u00edtim de protegir la nostra imatge, negoci i traject\u00f2ria evitant atacs a la nostra p\u00e0gina web. En aquest cas, linteressat no podr\u00e0 negar-se al tractament de les dades personals, encara que podr\u00e0 exercir, si escau, els drets reconeguts en lapartat \u00abdrets\u00bb de la present pol\u00edtica.<\/span><span data-ccp-props=\"{&quot;335559685&quot;:1440}\">\u00a0<\/span><\/li>\n<\/ul>\n<p>\u00a0<\/p>\n<p><b><span data-contrast=\"none\">COMPLEMENTS I EINES DEL LLOC WEB<\/span><\/b><span data-ccp-props=\"{&quot;134245417&quot;:false,&quot;335551550&quot;:1,&quot;335551620&quot;:1}\">\u00a0<\/span><\/p>\n<ul>\n<li data-leveltext=\"\u25cf\" data-font=\"\" data-listid=\"214\" data-list-defn-props=\"{&quot;335552541&quot;:1,&quot;335559685&quot;:720,&quot;335559991&quot;:360,&quot;469769242&quot;:[8226],&quot;469777803&quot;:&quot;left&quot;,&quot;469777804&quot;:&quot;\u25cf&quot;,&quot;469777815&quot;:&quot;multilevel&quot;}\" aria-setsize=\"-1\" data-aria-posinset=\"1\" data-aria-level=\"1\"><b><span data-contrast=\"none\">Google reCAPTCHA<\/span><\/b><span data-ccp-props=\"{}\">\u00a0<\/span><\/li>\n<\/ul>\n<p><span data-contrast=\"none\">Utilitzem el servei Google reCAPTCHA per detectar, en base a l&#039;inter\u00e8s leg\u00edtim, si el lloc web est\u00e0 sent utilitzat per bots, amb la finalitat de protegir el portal i prevenir pr\u00e0ctiques abusives i fraudulentes, com l&#039;enviament de correu brossa.\u00a0<\/span><span data-contrast=\"none\">Podeu accedir a la pol\u00edtica de privadesa del nostre prove\u00efdor fent clic <a href=\"https:\/\/policies.google.com\/privacy?hl=es\">aqu\u00ed.<\/a><\/span><\/p>\n<ul>\n<li data-leveltext=\"\u25cf\" data-font=\"\" data-listid=\"211\" data-list-defn-props=\"{&quot;335552541&quot;:1,&quot;335559685&quot;:720,&quot;335559991&quot;:360,&quot;469769242&quot;:[8226],&quot;469777803&quot;:&quot;left&quot;,&quot;469777804&quot;:&quot;\u25cf&quot;,&quot;469777815&quot;:&quot;multilevel&quot;}\" aria-setsize=\"-1\" data-aria-posinset=\"1\" data-aria-level=\"1\"><b><span data-contrast=\"none\">Google maps<\/span><\/b><span data-ccp-props=\"{}\">\u00a0<\/span><\/li>\n<\/ul>\n<p><span data-contrast=\"none\">Utilitzem Google Maps (API) amb la finalitat de demostrar-li mapes interactius directament al nostre lloc web i permetre-li utilitzar les seves funcions. A aquest efecte, heu de tenir en compte que, en utilitzar el servei, Google demanar\u00e0 i emmagatzemar\u00e0 informaci\u00f3 sobre el seu \u00fas. Us informem que l&#039;\u00fas de Google pot comportar Transfer\u00e8ncies Internacionals de Dades no basades en una decisi\u00f3 d&#039;adequaci\u00f3 de la Comissi\u00f3 Europea ni en l&#039;oferiment de garanties adequades, per la qual cosa no compten amb un nivell idoni de protecci\u00f3 de conformitat amb el que disposa el RGPD. Als efectes oportuns, us informem que aquest fet pot comportar certs riscos per a la protecci\u00f3 de les vostres dades de car\u00e0cter personal. Aquests riscos derivats poden incloure que no hi hagi una autoritat supervisora de protecci\u00f3 equivalent i\/o uns principis de protecci\u00f3 de tractament de dades i\/o uns drets de protecci\u00f3 de les persones interessades equivalents. Per tot aix\u00f2, us recomanem que, de forma pr\u00e8via, llegiu detingudament la pol\u00edtica de privadesa del nostre prove\u00efdor fent clic <\/span><a href=\"https:\/\/policies.google.com\/privacy?hl=es\"><span data-contrast=\"none\">aqu\u00ed<\/span><span data-contrast=\"none\">.<\/span><\/a><\/p>\n<p><strong>TERMINIS O CRITERIS DE CONSERVACI\u00d3 DE LES DADES.<\/strong><\/p>\n<p>Les dades personals proporcionades es conservaran durant el temps necessari per complir les finalitats per a les quals van ser recopilades inicialment.<br \/>Una vegada que les dades deixin de ser necess\u00e0ries per al tractament en q\u00fcesti\u00f3, aquestes es mantindran degudament bloquejades per, si escau, posar-les a disposici\u00f3 de les administracions i organismes p\u00fablics competents, jutges i tribunals o el ministeri fiscal, durant el termini de prescripci\u00f3 de les accions que poguessin derivar-se de la relaci\u00f3 mantinguda amb el client i\/o els terminis de conservaci\u00f3 previstos legalment.<\/p>\n<p><strong>DECISIONS AUTOMATITZADES I ELABORACI\u00d3 DE PERFILS.<\/strong><\/p>\n<p>La p\u00e0gina web no pren decisions automatitzades ni elabora perfils.<\/p>\n<p><strong>DESTINATARIS.<\/strong><\/p>\n<p><span data-contrast=\"none\">Durant el per\u00edode de durada del tractament de les vostres dades personals, l&#039;organitzaci\u00f3 podr\u00e0 cedir les vostres dades als destinataris seg\u00fcents:<\/span><span data-ccp-props=\"{}\">\u00a0<\/span><\/p>\n<ul>\n<li data-leveltext=\"\u25cf\" data-font=\"\" data-listid=\"187\" data-list-defn-props=\"{&quot;335552541&quot;:1,&quot;335559685&quot;:720,&quot;335559991&quot;:360,&quot;469769242&quot;:[8226],&quot;469777803&quot;:&quot;left&quot;,&quot;469777804&quot;:&quot;\u25cf&quot;,&quot;469777815&quot;:&quot;multilevel&quot;}\" aria-setsize=\"-1\" data-aria-posinset=\"1\" data-aria-level=\"1\"><span data-contrast=\"none\">Jutges i Tribunals.<\/span><span data-ccp-props=\"{}\">\u00a0<\/span><\/li>\n<\/ul>\n<ul>\n<li data-leveltext=\"\u25cf\" data-font=\"\" data-listid=\"187\" data-list-defn-props=\"{&quot;335552541&quot;:1,&quot;335559685&quot;:720,&quot;335559991&quot;:360,&quot;469769242&quot;:[8226],&quot;469777803&quot;:&quot;left&quot;,&quot;469777804&quot;:&quot;\u25cf&quot;,&quot;469777815&quot;:&quot;multilevel&quot;}\" aria-setsize=\"-1\" data-aria-posinset=\"2\" data-aria-level=\"1\"><span data-contrast=\"none\">Forces i cossos de seguretat de l&#039;Estat.<\/span><span data-ccp-props=\"{}\">\u00a0<\/span><\/li>\n<\/ul>\n<ul>\n<li data-leveltext=\"\u25cf\" data-font=\"\" data-listid=\"187\" data-list-defn-props=\"{&quot;335552541&quot;:1,&quot;335559685&quot;:720,&quot;335559991&quot;:360,&quot;469769242&quot;:[8226],&quot;469777803&quot;:&quot;left&quot;,&quot;469777804&quot;:&quot;\u25cf&quot;,&quot;469777815&quot;:&quot;multilevel&quot;}\" aria-setsize=\"-1\" data-aria-posinset=\"3\" data-aria-level=\"1\"><span data-contrast=\"none\">Altres autoritats o organismes p\u00fablics competents, quan el responsable tinga l&#039;obligaci\u00f3 legal de facilitar les dades personals.\u00a0<\/span><span data-ccp-props=\"{}\">\u00a0<\/span><\/li>\n<li data-leveltext=\"\u25cf\" data-font=\"\" data-listid=\"187\" data-list-defn-props=\"{&quot;335552541&quot;:1,&quot;335559685&quot;:720,&quot;335559991&quot;:360,&quot;469769242&quot;:[8226],&quot;469777803&quot;:&quot;left&quot;,&quot;469777804&quot;:&quot;\u25cf&quot;,&quot;469777815&quot;:&quot;multilevel&quot;}\" aria-setsize=\"-1\" data-aria-posinset=\"4\" data-aria-level=\"1\"><span data-contrast=\"none\">Les vostres dades podran ser compartides amb LUXIDA, SL amb CIF B87949004 i correu electr\u00f2nic <\/span><a href=\"mailto:luxida@luxida.es\"><span data-contrast=\"none\">luxida@luxida.es<\/span><\/a><span data-contrast=\"none\">, per a la correcta gesti\u00f3 administrativa i comptable de les entitats.<\/span><\/li>\n<\/ul>\n<p>\u00a0<\/p>\n<p><strong>TRANSFER\u00c8NCIES INTERNACIONALS DE DADES.<\/strong><\/p>\n<p><span class=\"TextRun SCXW250805555 BCX8\" lang=\"ES-ES\" xml:lang=\"ES-ES\" data-contrast=\"none\"><span class=\"NormalTextRun SCXW250805555 BCX8\">L&#039;organitzaci\u00f3 no realitza cap Transfer\u00e8ncia Internacional de Dades. <\/span><span class=\"NormalTextRun SCXW250805555 BCX8\">En cas que posteriorment fos necessari fer transfer\u00e8ncies internacionals de dades, es verificar\u00e0 el grau de protecci\u00f3 del pa\u00eds de destinaci\u00f3 i s&#039;adoptaran les garanties exigides per la normativa.<\/span><\/span><span class=\"EOP SCXW250805555 BCX8\" data-ccp-props=\"{}\">\u00a0<\/span><\/p>\n<p><strong>DRETS.<\/strong><\/p>\n<p>Els interessats podran exercir en qualsevol moment i de forma totalment gratu\u00efta els drets d&#039;acc\u00e9s, rectificaci\u00f3 i supressi\u00f3, aix\u00ed com sol\u00b7licitar que es limiti el tractament de les seves dades personals, oposar-s&#039;hi, sol\u00b7licitar-ne la portabilitat (sempre que sigui t\u00e8cnicament possible) o retirar el consentiment prestat, i si escau, quan escaigui, si no \u00e9s objecte d&#039;una decisi\u00f3 basada \u00fanicament en un tractament automatitzat, incl\u00f2s l&#039;elaboraci\u00f3 de perfils.<\/p>\n<p>Per fer-ho, podreu emprar els formularis habilitats per l&#039;organitzaci\u00f3, o b\u00e9 dirigir un escrit a l&#039;adre\u00e7a postal o correu electr\u00f2nic indicats m\u00e9s amunt. No obstant aix\u00f2, se&#039;l podr\u00e0 sol\u00b7licitar el DNI o qualsevol altre document an\u00e0leg amb la finalitat d&#039;acreditar la seva identitat, sempre que aix\u00f2 no es pugui fer per altres mitjans menys intrusius.<\/p>\n<p>En el cas que sentiu vulnerats els vostres drets pel que fa a la protecci\u00f3 de les vostres dades personals, especialment quan no heu obtingut satisfacci\u00f3 en l&#039;exercici dels vostres drets, podeu presentar una reclamaci\u00f3 davant l&#039;Autoritat de Control en mat\u00e8ria de Protecci\u00f3 de Dades competent (Ag\u00e8ncia Espanyola de Protecci\u00f3 de Dades), a trav\u00e9s del vostre lloc web: www.agpd.es.<\/p>\n<p>En compliment del que disposa l&#039;article 21 de la Llei 34\/2002 de serveis de la societat de la informaci\u00f3 i comer\u00e7 electr\u00f2nic, si no voleu rebre m\u00e9s informaci\u00f3 sobre els nostres serveis, podeu donar-vos de baixa enviant un correu electr\u00f2nic a l&#039;adre\u00e7a luxida@luxida.es, amb assumpte \u201cBAIXES\u201d.<\/p>\n<p><strong>VERACITAT DE LES DADES.<\/strong><\/p>\n<p>L&#039;interessat garanteix que les dades aportades s\u00f3n vertaderes, exactes, completes i es troben actualitzades; comprometent-se a informar de qualsevol canvi respecte de les dades que aport\u00e9s, pels canals habilitats a aquest efecte i indicats al punt u de la present pol\u00edtica. Ser\u00e0 responsable de qualsevol dany o perjudici, tant directe com indirecte, que pugui ocasionar com a conseq\u00fc\u00e8ncia de l&#039;incompliment de la present obligaci\u00f3.<\/p>\n<p>En cas que l&#039;usuari faciliti dades de tercers, declara que compta amb el consentiment dels interessats i es compromet a traslladar-li la informaci\u00f3 continguda en aquesta cl\u00e0usula, eximint l&#039;organitzaci\u00f3 de qualsevol responsabilitat derivada per la manca de compliment de la present obligaci\u00f3 .<\/p>\n<p><strong>MODIFICACIONS\/ ACTUALITZACI\u00d3<\/strong><\/p>\n<p><span data-contrast=\"none\">Aquesta pol\u00edtica de privadesa pot veure&#039;s modificada\/actualitzada en funci\u00f3 de les exig\u00e8ncies legals establertes o amb la finalitat d&#039;adaptar aquesta pol\u00edtica a les instruccions dictades per l&#039;Ag\u00e8ncia Espanyola de Protecci\u00f3 de Dades, oa conseq\u00fc\u00e8ncia de canvis al nostre lloc web. Per aquesta ra\u00f3, aconsellem als usuaris que visitin peri\u00f2dicament la nostra Pol\u00edtica de Privadesa.<\/span><span data-ccp-props=\"{}\">\u00a0<\/span><\/p>\n<p><span data-contrast=\"none\">Si teniu dubtes sobre aquesta pol\u00edtica, podeu contactar amb LUXIDA INSTALACIONES, SL a trav\u00e9s dels formularis habilitats per l&#039;organitzaci\u00f3, o b\u00e9 adre\u00e7ar un escrit a l&#039;adre\u00e7a postal o correu electr\u00f2nic referenciats a l&#039;encap\u00e7alament.<\/span><span data-ccp-props=\"{}\">\u00a0<\/span><\/p>\n<p>\u00daltima revisi\u00f3: 10 de febrer de 2025<\/p>\n<p><!-- \/wp:heading --><\/p>\t\t\t\t\t\t\t\t<\/div>\n\t\t\t\t<\/div>\n\t\t\t\t<\/div>\n\t\t\t\t<\/div>","protected":false},"excerpt":{"rendered":"<p>Pol\u00edtica de Privacidad Luxida Instalaciones El objetivo de esta pol\u00edtica es informar a los interesados acerca de los distintos tratamientos realizados por esta organizaci\u00f3n mediante la p\u00e1gina web y que afecten a sus datos personales, de conformidad con lo establecido en el Reglamento (UE) 2016\/679 del Parlamento Europeo y del Consejo de 27 de abril [&hellip;]<\/p>","protected":false},"author":3,"featured_media":0,"parent":0,"menu_order":6,"comment_status":"closed","ping_status":"closed","template":"","meta":{"footnotes":""},"class_list":["post-5769","page","type-page","status-publish","hentry"],"_links":{"self":[{"href":"https:\/\/luxida.es\/ca\/wp-json\/wp\/v2\/pages\/5769","targetHints":{"allow":["GET"]}}],"collection":[{"href":"https:\/\/luxida.es\/ca\/wp-json\/wp\/v2\/pages"}],"about":[{"href":"https:\/\/luxida.es\/ca\/wp-json\/wp\/v2\/types\/page"}],"author":[{"embeddable":true,"href":"https:\/\/luxida.es\/ca\/wp-json\/wp\/v2\/users\/3"}],"replies":[{"embeddable":true,"href":"https:\/\/luxida.es\/ca\/wp-json\/wp\/v2\/comments?post=5769"}],"version-history":[{"count":16,"href":"https:\/\/luxida.es\/ca\/wp-json\/wp\/v2\/pages\/5769\/revisions"}],"predecessor-version":[{"id":5832,"href":"https:\/\/luxida.es\/ca\/wp-json\/wp\/v2\/pages\/5769\/revisions\/5832"}],"wp:attachment":[{"href":"https:\/\/luxida.es\/ca\/wp-json\/wp\/v2\/media?parent=5769"}],"curies":[{"name":"wp","href":"https:\/\/api.w.org\/{rel}","templated":true}]}}